{"id":141,"date":"2023-12-19T12:29:27","date_gmt":"2023-12-19T11:29:27","guid":{"rendered":"https:\/\/e-motion-drivers.com\/?page_id=141"},"modified":"2024-10-19T15:04:02","modified_gmt":"2024-10-19T13:04:02","slug":"haeufige-fragen","status":"publish","type":"page","link":"https:\/\/emd-shop.com\/shop\/haeufige-fragen\/","title":{"rendered":"H\u00e4ufige Fragen"},"content":{"rendered":"<div class=\"container section-title-container\" ><h3 class=\"section-title section-title-normal\"><b><\/b><span class=\"section-title-main\" >FAQ - H\u00e4ufig gestellte Fragen<\/span><b><\/b><\/h3><\/div>\n<div class=\"row\"  id=\"row-1694069892\">\n\n\t<div id=\"col-1145015733\" class=\"col small-12 large-12\"  >\n\t\t\t\t<div class=\"col-inner\"  >\n\t\t\t\n\t\t\t\n\t<div id=\"gap-1303107292\" class=\"gap-element clearfix\" style=\"display:block; height:auto;\">\n\t\t\n<style>\n#gap-1303107292 {\n  padding-top: 30px;\n}\n<\/style>\n\t<\/div>\n\t\n<h2>Wo &amp; wie kann ich das E-Fahrzeug laden?<\/h2>\n<p>Unsere Elektrofahrzeuge sind alle mit 220V Ladeger\u00e4t ausgestattet und k\u00f6nnen an jeder herk\u00f6mmlichen Steckdose geladen werden. Eine fast leer gefahrene 50Ah Batterie ist in 3h Ladezeit bei ca. 90 % Ladestatus.<\/p>\n<h2>Wie schnell f\u00e4hrt das E-Fahrzeug?<\/h2>\n<p>Unsere Elektrofahrzeuge sind mit verschiedenen Geschwindigkeitsoptionen erh\u00e4ltlich. Die jeweilige H\u00f6chstgeschwindigkeit ist in den technischen Daten der einzelnen Fahrzeuge hier im Shop angegeben. Die H\u00f6chstgeschwindigkeit h\u00e4ngt von der gew\u00e4hlten Variante ab und erm\u00f6glicht es den Fahrern, ihre bevorzugte Leistung und ihr bevorzugtes Fahrerlebnis zu w\u00e4hlen.<\/p>\n<h2>Wie weit komme ich mit einer vollen Akku-Ladung?<\/h2>\n<p>Die Reichweite der einzelnen E-Zweir\u00e4der h\u00e4ngt von verschiedenen Faktoren wie Geschwindigkeit, Gel\u00e4nde, Au\u00dfentemperatur und Fahrstil ab. Mit einem 50 Ah Lithium-Ionen-Akku bietet z.B. ein 45 km\/h Elektro-<a href=\"https:\/\/emd-shop.com\/shop\/fahrzeuge\/e-chopper\/\" data-internallinksmanager029f6b8e52c=\"1\" title=\"E-Chopper\">Chopper<\/a>-Motorrad eine komfortable Reichweite f\u00fcr den Stadtverkehr und kurze bis mittlere Strecken von bis zu 120 km. Diese Angaben findest du auch in der Produktbeschreibung bei jedem Fahrzeug in unserem Shop.<\/p>\n<h2>Kann ich auch im Regen fahren?<\/h2>\n<p>Obwohl unsere Elektrofahrzeuge f\u00fcr normale Wetterbedingungen ausgelegt sind, wird empfohlen, bei starkem Regen oder anderen extremen Wetterbedingungen nicht zu fahren. Elektrofahrzeuge k\u00f6nnen, wie ihre benzinbetriebenen Pendants, durch nasse Oberfl\u00e4chen beeintr\u00e4chtigt werden, was die Traktion verringern und die Sicherheit beeintr\u00e4chtigen kann. Stelle deine Sicherheit immer an erste Stelle und sei vorsichtig, wenn du bei schlechtem Wetter f\u00e4hrst. Damit du m\u00f6glichst lange Freude an deinem Fahrzeug hast und es auch nach Jahren noch gut aussieht, empfehlen wir, das Fahrzeug mit einer wasserdichten Abdeckplane abzudecken, wenn es \u00fcberwiegend im Freien steht.<\/p>\n<h2>Welche Fahrerlaubnis ben\u00f6tige ich?<\/h2>\n<div>Mindestens die F\u00fchrerschein-Klasse AM ist f\u00fcr den E-Chopper erforderlich. Auch mit der Klasse B (PKW) k\u00f6nnen Sie diesen fahren, ohne die Erweiterung auf den B196!<\/div>\n<h2>Wie lange dauert es, den Akku zu laden?<\/h2>\n<p>Die Ladezeit h\u00e4ngt von verschiedenen Faktoren ab, wie dem aktuellen Ladezustand des Akkus und der Leistung der Ladestation. Es wird empfohlen, unseren Richtlinien im jeweiligen Fahrzeug Handbuch f\u00fcr das optimale Ladeverfahren zu folgen und f\u00fcr detailliertere Informationen zu konsultieren.<\/p>\n<h2>Wie pflege &amp; behandele ich meinen Akku richtig?<\/h2>\n<p>Um einen Lithium-Ionen-Akku von einem Elektroroller richtig zu pflegen und seine Lebensdauer zu verl\u00e4ngern, gibt es einige wichtige Schritte zu beachten, insbesondere wenn das Fahrzeug f\u00fcr l\u00e4ngere Zeit nicht genutzt wird, wie zum Beispiel im Winter. Hier sind einige Tipps zur Pflege deines Akkus:<\/p>\n<p><strong><em>1. Lagern bei richtiger Temperatur:<\/em><\/strong> Bewahre den Akku bei einer moderaten Temperatur zwischen 15\u00b0C und 25\u00b0C auf. Extreme Hitze oder K\u00e4lte k\u00f6nnen die Leistung und Lebensdauer des Akkus negativ beeinflussen. Vermeide es daher, den Roller in der direkten Sonne oder in sehr kalten Umgebungen zu lagern.<\/p>\n<p><strong><em>2. Teilladung bevor Lagerung:<\/em><\/strong> Wenn du den Elektroroller f\u00fcr l\u00e4ngere Zeit nicht nutzen m\u00f6chtest, lade den Akku vor der Lagerung auf etwa 50\u201370 % auf. Dieser Ladezustand ist ideal f\u00fcr eine l\u00e4ngere Lagerung, da er den Akku vor \u00dcberladung oder Tiefentladung sch\u00fctzt. Vermeide es jedoch, den Akku vollst\u00e4ndig aufzuladen oder vollst\u00e4ndig entladen zu lassen.<\/p>\n<p><strong><em>3. Regelm\u00e4\u00dfige Nachladung:<\/em> <\/strong>Falls der Elektroroller l\u00e4ngere Zeit ungenutzt bleibt, empfiehlt es sich, den Akku alle 2-3 Monate nachzuladen. Dadurch bleibt der Akku aktiv und verhindert eine Tiefentladung, die zu Sch\u00e4den f\u00fchren kann. Lasse den Akku nicht st\u00e4ndig am Ladeger\u00e4t.<br \/>\nUnsere Ladeger\u00e4te schalten zwar bei vollem Akku ab, das st\u00e4ndige Nachladen wenn wenn der Ladestand etwas sinkt mindert allerdings die Lebensdauer.<\/p>\n<p><em><strong>4. Trockene Lagerung:<\/strong> <\/em>Stelle sicher, dass der Elektroroller an einem trockenen Ort gelagert wird, um Feuchtigkeitssch\u00e4den am Akku zu vermeiden. Halte den Akku auch von Wasserquellen fern und sch\u00fctze ihn vor Regen oder Schnee.<\/p>\n<p><strong><em>5. Akku vor extremen Temperaturen sch\u00fctzen:<\/em> <\/strong>W\u00e4hrend der Wintermonate ist es wichtig, den Akku vor extremen Temperaturen zu sch\u00fctzen. Wenn m\u00f6glich, entferne den Akku aus dem Roller und bewahre ihn an einem geeigneten Ort auf. Achte darauf, dass der Akku vor Frost gesch\u00fctzt ist, aber nicht in der N\u00e4he einer W\u00e4rmequelle wie einem Heizk\u00f6rper oder Kamin gelagert wird.<\/p>\n<p><strong><em>6. Regelm\u00e4\u00dfige Wartung:<\/em> <\/strong>F\u00fchre regelm\u00e4\u00dfig eine Inspektion des Akkus durch, um sicherzustellen, dass er in gutem Zustand ist. \u00dcberpr\u00fcfe die Anschl\u00fcsse auf Verschmutzung oder Korrosion und reinige sie gegebenenfalls vorsichtig. Bei sichtbaren Sch\u00e4den oder ungew\u00f6hnlichem Verhalten des Akkus solltest du dich an den Hersteller oder eine Fachwerkstatt wenden. Indem du diese Pflegetipps befolgst, kannst du die Lebensdauer deines Lithium-Ionen-Akkus maximieren und sicherstellen, dass er auch nach l\u00e4ngerer Lagerung oder in der Winterzeit optimal funktioniert.<\/p>\n<h2>Woher bekomme ich Ersatzteile?<\/h2>\n<p>Unsere Kunden werden zentral \u00fcber das Lager in Deutschland versorgt. Falls du Ersatzteile ben\u00f6tigst, wirst du in unserem Online-Shop f\u00fcndig. Ansonsten kannst du uns gern \u00fcber den Chat kontaktieren!<\/p>\n<h2>Wie funktioniert so ein E-Zweitrad eigentlich?<\/h2>\n<div>Die Funktionsweise eines Elektro-Zweirades basiert auf drei Hauptkomponenten, die eng miteinander verbunden sind.<\/div>\n<div><\/div>\n<div>Der Motor spielt eine entscheidende Rolle, da er die Energie ohne Zwischenschaltung direkt auf das Hinterrad \u00fcbertr\u00e4gt. Im Vergleich zu einem benzinbetriebenen Motorrad entfallen Getriebe und Antriebswellen, was einen gro\u00dfen Vorteil darstellt.<\/div>\n<div><\/div>\n<div>Eine weitere wichtige Komponente ist der Akku, der den Motor mit der n\u00f6tigen Energie versorgt. Durch eine geschickte Steuerung des Reglers wird die Drehzahl des Motors geregelt und so eine optimale Verbindung zwischen Batterie und Motor gew\u00e4hrleistet. Diese sorgf\u00e4ltige Abstimmung erm\u00f6glicht ein effizientes und reibungsloses Fahrerlebnis.<\/div>\n<div><\/div>\n<div>Durch die Kombination dieser drei Komponenten entsteht ein elektrisches Zweirad, das sowohl umweltfreundlich als auch leistungsstark ist. Die direkte Energie\u00fcbertragung, die effiziente Nutzung des Akkus und die pr\u00e4zise Steuerung durch den Controller machen den E-Chopper zu einer attraktiven Option f\u00fcr umweltbewusste Fahrerinnen und Fahrer.<\/div>\n<h2>Muss der Lithium-Ionen Akku immer voll geladen werden?<\/h2>\n<p>Eine Lithium-Batterie sollte nie vollst\u00e4ndig entladen werden. Es wird empfohlen, die Batterie regelm\u00e4\u00dfig aufzuladen und nicht zu warten, bis sie fast entladen ist, bevor sie wieder aufgeladen wird. Lithium-Batterien haben eine begrenzte Anzahl von Ladezyklen, und eine vollst\u00e4ndige Entladung kann die Lebensdauer der Batterie verk\u00fcrzen. Es wird daher empfohlen, die Batterie bei Bedarf aufzuladen, um eine optimale Leistung und eine l\u00e4ngere Lebensdauer zu gew\u00e4hrleisten.<\/p>\n<h2>Wie wird der Chopper geliefert?<\/h2>\n<p>Der Chopper wird via Spedition in einem Karton verpackt und teilmontiert bis zur Bordsteinkante geliefert. F\u00fcr den finalen Zusammenbau (Einbau Vorderrad sowie Montage Lenker und dessen Ausrichtung) sollten Sie 15\u201330 Minuten einplanen. Besondere Kenntnisse werden hierf\u00fcr nicht ben\u00f6tigt.<\/p>\n<h2>Garantie \/ Gew\u00e4hrleistung \/ Widerruf<\/h2>\n<p>Wenn du Fragen zu diesen Themen hast, findest du hier die AGB\u00b4s und noch vieles mehr:<\/p>\n<p><span style=\"color: #850707;\"><a style=\"color: #850707;\" href=\"https:\/\/emd-shop.com\/shop\/agb\/\">Vertragsbestandteile<\/a><\/span><\/p>\n\t\t<\/div>\n\t\t\t\t\t<\/div>\n\n\t\n<\/div>\n\t<div id=\"gap-314627007\" class=\"gap-element clearfix\" style=\"display:block; height:auto;\">\n\t\t\n<style>\n#gap-314627007 {\n  padding-top: 120px;\n}\n<\/style>\n\t<\/div>\n\t\n","protected":false},"excerpt":{"rendered":"","protected":false},"author":1,"featured_media":0,"parent":0,"menu_order":0,"comment_status":"closed","ping_status":"closed","template":"","meta":{"footnotes":""},"class_list":["post-141","page","type-page","status-publish","hentry"],"_links":{"self":[{"href":"https:\/\/emd-shop.com\/shop\/wp-json\/wp\/v2\/pages\/141","targetHints":{"allow":["GET"]}}],"collection":[{"href":"https:\/\/emd-shop.com\/shop\/wp-json\/wp\/v2\/pages"}],"about":[{"href":"https:\/\/emd-shop.com\/shop\/wp-json\/wp\/v2\/types\/page"}],"author":[{"embeddable":true,"href":"https:\/\/emd-shop.com\/shop\/wp-json\/wp\/v2\/users\/1"}],"replies":[{"embeddable":true,"href":"https:\/\/emd-shop.com\/shop\/wp-json\/wp\/v2\/comments?post=141"}],"version-history":[{"count":10,"href":"https:\/\/emd-shop.com\/shop\/wp-json\/wp\/v2\/pages\/141\/revisions"}],"predecessor-version":[{"id":1445,"href":"https:\/\/emd-shop.com\/shop\/wp-json\/wp\/v2\/pages\/141\/revisions\/1445"}],"wp:attachment":[{"href":"https:\/\/emd-shop.com\/shop\/wp-json\/wp\/v2\/media?parent=141"}],"curies":[{"name":"wp","href":"https:\/\/api.w.org\/{rel}","templated":true}]}}