{"id":1596,"date":"2025-10-15T13:29:15","date_gmt":"2025-10-15T11:29:15","guid":{"rendered":"https:\/\/emd-shop.com\/shop\/?post_type=product&#038;p=1596"},"modified":"2025-10-15T13:58:47","modified_gmt":"2025-10-15T11:58:47","slug":"gepaecktraeger-ohne-rueckenlehne-mit-heckbox-und-doppelte-seitenbox-rechts-und-links","status":"publish","type":"product","link":"https:\/\/emd-shop.com\/shop\/gepaecktraeger-ohne-rueckenlehne-mit-heckbox-und-doppelte-seitenbox-rechts-und-links\/","title":{"rendered":"Gep\u00e4cktr\u00e4ger ohne R\u00fcckenlehne mit Heckbox und doppelte Seitenbox (Rechts und links)"},"content":{"rendered":"<p>Zus\u00e4tzlich aufnehmen und Ma\u00dfe korrigieren: Gep\u00e4cktr\u00e4ger: mit Halterung und Schrauben zur Rahmenbefestigung \/ l\u00e4nge der Ladefl\u00e4che 45 cm, Ladebreite 16,5 cm) \/ Gewicht: 2.200 g \/ matt-schwarz \/ Heckbox: abschlie\u00dfbar \/Gewicht: 2.100 g \/ Au\u00dfenma\u00dfeL x B x H = 37 x 34 x 26 cm \/ mit R\u00fcckstrahler \/ 2 x Seitenbox mit je 2.120 g \/ Ma\u00dfe: L x B x H = 48 x 20 x 28 cm \/ Zierprofile Metall verchromt \/ mit R\u00fccklicht und Kabel \/ abschlie\u00dfbar \/ mit Halterung<\/p>\n","protected":false},"excerpt":{"rendered":"<p>Achtung! Zum sicheren Transport ist der <a class=\"woocommerce-LoopProduct-link woocommerce-loop-product__link\" href=\"https:\/\/lp.e-motion-drivers.com\/produkt\/gepaecktraeger-hinten\/\">Gep\u00e4cktr\u00e4ger hinten<\/a> von N\u00f6ten!<\/p>\n","protected":false},"featured_media":1609,"comment_status":"open","ping_status":"closed","template":"","meta":[],"product_brand":[],"product_cat":[53],"product_tag":[],"class_list":{"0":"post-1596","1":"product","2":"type-product","3":"status-publish","4":"has-post-thumbnail","6":"product_cat-zubehoer","7":"product_shipping_class-ersatzteile-zubehoer","9":"first","10":"instock","11":"taxable","12":"shipping-taxable","13":"purchasable","14":"product-type-simple"},"_links":{"self":[{"href":"https:\/\/emd-shop.com\/shop\/wp-json\/wp\/v2\/product\/1596","targetHints":{"allow":["GET"]}}],"collection":[{"href":"https:\/\/emd-shop.com\/shop\/wp-json\/wp\/v2\/product"}],"about":[{"href":"https:\/\/emd-shop.com\/shop\/wp-json\/wp\/v2\/types\/product"}],"replies":[{"embeddable":true,"href":"https:\/\/emd-shop.com\/shop\/wp-json\/wp\/v2\/comments?post=1596"}],"wp:featuredmedia":[{"embeddable":true,"href":"https:\/\/emd-shop.com\/shop\/wp-json\/wp\/v2\/media\/1609"}],"wp:attachment":[{"href":"https:\/\/emd-shop.com\/shop\/wp-json\/wp\/v2\/media?parent=1596"}],"wp:term":[{"taxonomy":"product_brand","embeddable":true,"href":"https:\/\/emd-shop.com\/shop\/wp-json\/wp\/v2\/product_brand?post=1596"},{"taxonomy":"product_cat","embeddable":true,"href":"https:\/\/emd-shop.com\/shop\/wp-json\/wp\/v2\/product_cat?post=1596"},{"taxonomy":"product_tag","embeddable":true,"href":"https:\/\/emd-shop.com\/shop\/wp-json\/wp\/v2\/product_tag?post=1596"}],"curies":[{"name":"wp","href":"https:\/\/api.w.org\/{rel}","templated":true}]}}