{"id":1652,"date":"2025-10-15T13:29:33","date_gmt":"2025-10-15T11:29:33","guid":{"rendered":"https:\/\/emd-shop.com\/shop\/?post_type=product&#038;p=1652"},"modified":"2025-10-15T14:43:25","modified_gmt":"2025-10-15T12:43:25","slug":"vorderer-hinterer-kotfluegel-passend-fuer-alle-e-chopper-modelle","status":"publish","type":"product","link":"https:\/\/emd-shop.com\/shop\/vorderer-hinterer-kotfluegel-passend-fuer-alle-e-chopper-modelle\/","title":{"rendered":"Vorderer + hinterer Kotfl\u00fcgel"},"content":{"rendered":"<p>Farben: gem\u00e4\u00df Auswahlvorgabe Material: Kunststoff, lackiert \/ Versandangaben: Ma\u00dfe L x B x H = 65 x 35 x 40 cm, 3600 g<\/p>\n","protected":false},"excerpt":{"rendered":"<p>Farben: gem\u00e4\u00df Auswahlvorgabe Material: Kunststoff, lackiert \/ Versandangaben: Ma\u00dfe L x B x H = 65 x 35 x 40 cm, 3600 g<\/p>\n","protected":false},"featured_media":841,"comment_status":"open","ping_status":"closed","template":"","meta":[],"product_brand":[],"product_cat":[45],"product_tag":[],"class_list":{"0":"post-1652","1":"product","2":"type-product","3":"status-publish","4":"has-post-thumbnail","6":"product_cat-ersatzteile","8":"first","9":"instock","10":"taxable","11":"shipping-taxable","12":"purchasable","13":"product-type-variable"},"_links":{"self":[{"href":"https:\/\/emd-shop.com\/shop\/wp-json\/wp\/v2\/product\/1652","targetHints":{"allow":["GET"]}}],"collection":[{"href":"https:\/\/emd-shop.com\/shop\/wp-json\/wp\/v2\/product"}],"about":[{"href":"https:\/\/emd-shop.com\/shop\/wp-json\/wp\/v2\/types\/product"}],"replies":[{"embeddable":true,"href":"https:\/\/emd-shop.com\/shop\/wp-json\/wp\/v2\/comments?post=1652"}],"wp:featuredmedia":[{"embeddable":true,"href":"https:\/\/emd-shop.com\/shop\/wp-json\/wp\/v2\/media\/841"}],"wp:attachment":[{"href":"https:\/\/emd-shop.com\/shop\/wp-json\/wp\/v2\/media?parent=1652"}],"wp:term":[{"taxonomy":"product_brand","embeddable":true,"href":"https:\/\/emd-shop.com\/shop\/wp-json\/wp\/v2\/product_brand?post=1652"},{"taxonomy":"product_cat","embeddable":true,"href":"https:\/\/emd-shop.com\/shop\/wp-json\/wp\/v2\/product_cat?post=1652"},{"taxonomy":"product_tag","embeddable":true,"href":"https:\/\/emd-shop.com\/shop\/wp-json\/wp\/v2\/product_tag?post=1652"}],"curies":[{"name":"wp","href":"https:\/\/api.w.org\/{rel}","templated":true}]}}