{"id":1664,"date":"2025-10-15T13:40:20","date_gmt":"2025-10-15T11:40:20","guid":{"rendered":"https:\/\/emd-shop.com\/shop\/?post_type=product&#038;p=1664"},"modified":"2026-01-21T14:01:27","modified_gmt":"2026-01-21T13:01:27","slug":"lowrider-tornado","status":"publish","type":"product","link":"https:\/\/emd-shop.com\/shop\/lowrider-tornado\/","title":{"rendered":"Lowrider Tornado"},"content":{"rendered":"<p>Stilvoll cruisen und \u00f6kologisch unterwegs: Unser <a href=\"https:\/\/emd-shop.com\/shop\/fahrzeuge\/e-chopper\/\" data-internallinksmanager029f6b8e52c=\"1\" title=\"E-Chopper\">E-Chopper<\/a> vereint kraftvolle 4000W Spitzenleistung (3000W Dauerleistung) mit einem effizienten 60V Akku. Erlebe kompromisslose Sicherheit und ein unschlagbares Fahrgef\u00fchl, alles in einem leichten und robusten Design. Die Zukunft wartet auf dich!<\/p>\n<p>Egal, ob du durch die Stadt cruisen oder auf der offenen Stra\u00dfe den Wind sp\u00fcren m\u00f6chtest, dieser Elektro-Chopper ist der perfekte Begleiter f\u00fcr stilbewusste und umweltbewusste Biker. Lass dich von der Elektrorevolution mitrei\u00dfen und erlebe ein v\u00f6llig neues Fahrgef\u00fchl!<\/p>\n<p>Dieses Meisterwerk der Technik verf\u00fcgt \u00fcber einen beeindruckenden\u00a0<strong>b\u00fcrstenlosen Felgenmotor mit 4000 Watt Spitzenleistung<\/strong>, der von einem kraftvollen\u00a0<strong>Lithium-Ionen-Akku mit 60V und 40 Ah oder wahlweise 50 Ah<\/strong>\u00a0angetrieben wird, der bis zu 67V l\u00e4dt.<\/p>\n<p>Sicherheit steht an erster Stelle: Eine\u00a0<strong>Alarmanlage mit zwei Fernbedienungen<\/strong>\u00a0sorgt f\u00fcr zus\u00e4tzlichen Schutz. Wird sie ausgel\u00f6st, sperrt sie automatisch den Motor, um potenzielle Diebe abzuschrecken. F\u00fcr klare Sicht im Dunkeln sorgt der\u00a0<strong>LED Frontscheinwerfer mit Tagfahr- und Fernlicht<\/strong>. Auf dem\u00a0<strong>digitalen Tacho<\/strong>\u00a0kannst du problemlos deine Geschwindigkeit, den Ladezustand der Batterie und den Kilometerstand ablesen.<\/p>\n<p>Mit einem\u00a0<strong>Eigengewicht von nur 85 kg<\/strong>\u00a0und einer\u00a0<strong>maximalen Zuladung von 180 kg<\/strong>\u00a0ist dieser Chopper leicht, aber auch robust genug, um dich und z.B einen Rucksack mitzunehmen.\u00a0<strong>Hydraulische Scheibenbremsen vorne und hinten<\/strong>\u00a0sorgen f\u00fcr maximale Kontrolle und Sicherheit, w\u00e4hrend die\u00a0<strong>Zentralfederung und 2 Sto\u00dfd\u00e4mpfer vorn<\/strong> ein unvergleichlich, sportliches wie angenehmes Fahrerlebnis garantieren.<\/p>\n","protected":false},"excerpt":{"rendered":"<p>Die 2024-er Lowrider Tornado kombiniert den von der Moderne inspirierten Stil der Verkleidung und dem LED-Scheinwerfer mit der Kraft eines 4KW Elektromotors.<\/p>\n","protected":false},"featured_media":808,"comment_status":"open","ping_status":"closed","template":"","meta":[],"product_brand":[],"product_cat":[40,41],"product_tag":[],"class_list":{"0":"post-1664","1":"product","2":"type-product","3":"status-publish","4":"has-post-thumbnail","6":"product_cat-fahrzeuge","7":"product_cat-e-chopper","8":"product_shipping_class-kostenlos","10":"first","11":"instock","12":"sale","13":"taxable","14":"shipping-taxable","15":"purchasable","16":"product-type-variable"},"_links":{"self":[{"href":"https:\/\/emd-shop.com\/shop\/wp-json\/wp\/v2\/product\/1664","targetHints":{"allow":["GET"]}}],"collection":[{"href":"https:\/\/emd-shop.com\/shop\/wp-json\/wp\/v2\/product"}],"about":[{"href":"https:\/\/emd-shop.com\/shop\/wp-json\/wp\/v2\/types\/product"}],"replies":[{"embeddable":true,"href":"https:\/\/emd-shop.com\/shop\/wp-json\/wp\/v2\/comments?post=1664"}],"wp:featuredmedia":[{"embeddable":true,"href":"https:\/\/emd-shop.com\/shop\/wp-json\/wp\/v2\/media\/808"}],"wp:attachment":[{"href":"https:\/\/emd-shop.com\/shop\/wp-json\/wp\/v2\/media?parent=1664"}],"wp:term":[{"taxonomy":"product_brand","embeddable":true,"href":"https:\/\/emd-shop.com\/shop\/wp-json\/wp\/v2\/product_brand?post=1664"},{"taxonomy":"product_cat","embeddable":true,"href":"https:\/\/emd-shop.com\/shop\/wp-json\/wp\/v2\/product_cat?post=1664"},{"taxonomy":"product_tag","embeddable":true,"href":"https:\/\/emd-shop.com\/shop\/wp-json\/wp\/v2\/product_tag?post=1664"}],"curies":[{"name":"wp","href":"https:\/\/api.w.org\/{rel}","templated":true}]}}