{"id":856,"date":"2024-08-02T13:31:22","date_gmt":"2024-08-02T11:31:22","guid":{"rendered":"https:\/\/shop.e-motion-drivers.com\/?post_type=product&#038;p=856"},"modified":"2025-10-15T13:56:50","modified_gmt":"2025-10-15T11:56:50","slug":"gepaecktraeger-hinten-passend-fuer-alle-e-chopper-modelle","status":"publish","type":"product","link":"https:\/\/emd-shop.com\/shop\/gepaecktraeger-hinten-passend-fuer-alle-e-chopper-modelle\/","title":{"rendered":"Gep\u00e4cktr\u00e4ger mit gepolsterter R\u00fcckenlehne"},"content":{"rendered":"<p>Ein <a href=\"https:\/\/emd-shop.com\/shop\/fahrzeuge\/e-chopper\/\" data-internallinksmanager029f6b8e52c=\"1\" title=\"E-Chopper\">E-Chopper<\/a> kann durch einen Gep\u00e4cktr\u00e4ger erheblich an Funktionalit\u00e4t und Alltagstauglichkeit gewinnen. Mit einem Gep\u00e4cktr\u00e4ger k\u00f6nnen Eink\u00e4ufe, Taschen oder andere Gegenst\u00e4nde problemlos und sicher transportiert werden, was den E-Chopper zu einem praktischen Begleiter f\u00fcr die t\u00e4glichen Erledigungen macht. Gerade f\u00fcr Pendler oder Menschen, die ihren E-Chopper f\u00fcr kurze Strecken in der Stadt nutzen, bietet ein Gep\u00e4cktr\u00e4ger die M\u00f6glichkeit, Arbeitsmaterialien oder pers\u00f6nliche Gegenst\u00e4nde bequem mitzunehmen. Zudem erh\u00f6ht ein Gep\u00e4cktr\u00e4ger die Flexibilit\u00e4t des E-Choppers, da er je nach Bedarf mit unterschiedlichen Transportl\u00f6sungen wie K\u00f6rben oder Taschen ausgestattet werden kann.<\/p>\n","protected":false},"excerpt":{"rendered":"<p class=\"p1\">Metallgep\u00e4cktr\u00e4ger verchromt,<\/p>\n<p class=\"p1\">Gep\u00e4ckauflagen gummiert \/ Gewicht: 3400 g<\/p>\n<p class=\"p1\">\/ nutzbare Auflagefl\u00e4che: B = 21 cm, Tiefe =<\/p>\n<p class=\"p1\">14,5 cm \/ R\u00fcckenlehne h\u00f6henverstellbar<\/p>\n<p class=\"p1\">von 36 bis 46 cm und schwenkbar \/ minimale<\/p>\n<p class=\"p1\">Gesamtgr\u00f6\u00dfe: 31 x 36 x 15 cm \/nur passend<\/p>\n<p class=\"p1\">f\u00fcr MH3<\/p>\n","protected":false},"featured_media":939,"comment_status":"open","ping_status":"closed","template":"","meta":[],"product_brand":[],"product_cat":[53],"product_tag":[],"class_list":{"0":"post-856","1":"product","2":"type-product","3":"status-publish","4":"has-post-thumbnail","6":"product_cat-zubehoer","7":"product_shipping_class-ersatzteile-zubehoer","9":"first","10":"instock","11":"taxable","12":"shipping-taxable","13":"purchasable","14":"product-type-simple"},"_links":{"self":[{"href":"https:\/\/emd-shop.com\/shop\/wp-json\/wp\/v2\/product\/856","targetHints":{"allow":["GET"]}}],"collection":[{"href":"https:\/\/emd-shop.com\/shop\/wp-json\/wp\/v2\/product"}],"about":[{"href":"https:\/\/emd-shop.com\/shop\/wp-json\/wp\/v2\/types\/product"}],"replies":[{"embeddable":true,"href":"https:\/\/emd-shop.com\/shop\/wp-json\/wp\/v2\/comments?post=856"}],"wp:featuredmedia":[{"embeddable":true,"href":"https:\/\/emd-shop.com\/shop\/wp-json\/wp\/v2\/media\/939"}],"wp:attachment":[{"href":"https:\/\/emd-shop.com\/shop\/wp-json\/wp\/v2\/media?parent=856"}],"wp:term":[{"taxonomy":"product_brand","embeddable":true,"href":"https:\/\/emd-shop.com\/shop\/wp-json\/wp\/v2\/product_brand?post=856"},{"taxonomy":"product_cat","embeddable":true,"href":"https:\/\/emd-shop.com\/shop\/wp-json\/wp\/v2\/product_cat?post=856"},{"taxonomy":"product_tag","embeddable":true,"href":"https:\/\/emd-shop.com\/shop\/wp-json\/wp\/v2\/product_tag?post=856"}],"curies":[{"name":"wp","href":"https:\/\/api.w.org\/{rel}","templated":true}]}}